{"id":120,"date":"2019-03-28T21:36:15","date_gmt":"2019-03-28T20:36:15","guid":{"rendered":"http:\/\/inii.ucr.ac.cr\/?page_id=120"},"modified":"2019-04-09T22:44:29","modified_gmt":"2019-04-09T20:44:29","slug":"mision-y-vision","status":"publish","type":"page","link":"https:\/\/inii.ucr.ac.cr\/en\/mision-y-vision\/","title":{"rendered":"Mission and Vision"},"content":{"rendered":"<div data-elementor-type=\"wp-post\" data-elementor-id=\"120\" class=\"elementor elementor-120\">\n\t\t\t\t\t\t<section class=\"elementor-section elementor-top-section elementor-element elementor-element-ad8208e elementor-section-boxed elementor-section-height-default elementor-section-height-default\" data-id=\"ad8208e\" data-element_type=\"section\" data-e-type=\"section\">\n\t\t\t\t\t\t<div class=\"elementor-container elementor-column-gap-default\">\n\t\t\t\t\t<div class=\"elementor-column elementor-col-100 elementor-top-column elementor-element elementor-element-e777f17\" data-id=\"e777f17\" data-element_type=\"column\" data-e-type=\"column\">\n\t\t\t<div class=\"elementor-widget-wrap elementor-element-populated\">\n\t\t\t\t\t\t<section class=\"elementor-section elementor-inner-section elementor-element elementor-element-d765b36 elementor-section-boxed elementor-section-height-default elementor-section-height-default\" data-id=\"d765b36\" data-element_type=\"section\" data-e-type=\"section\">\n\t\t\t\t\t\t<div class=\"elementor-container elementor-column-gap-default\">\n\t\t\t\t\t<div class=\"elementor-column elementor-col-50 elementor-inner-column elementor-element elementor-element-e235aab\" data-id=\"e235aab\" data-element_type=\"column\" data-e-type=\"column\">\n\t\t\t<div class=\"elementor-widget-wrap elementor-element-populated\">\n\t\t\t\t\t\t<div class=\"elementor-element elementor-element-971a2d5 elementor-widget elementor-widget-text-editor\" data-id=\"971a2d5\" data-element_type=\"widget\" data-e-type=\"widget\" data-widget_type=\"text-editor.default\">\n\t\t\t\t<div class=\"elementor-widget-container\">\n\t\t\t\t\t\t\t\t\t<h3 style=\"padding-left: 80px; text-align: left;\"><span style=\"color: #808080;\"> <strong><span style=\"color: #204c6f;\">Mission\u00a0<\/span><\/strong><\/span><\/h3><ul><li><p>Develop research and services in the areas of engineering, architecture, computer science, and computer science. Also, to transmit the results to the national and international community, through teaching and social action, this with the aim of contributing to sustainable development, with adherence to ethics, humanism, and the knowledge of the people who produce it.<\/p><\/li><\/ul><h3 style=\"padding-left: 80px;\"><span style=\"color: #808080;\"><strong><span style=\"color: #204c6f;\">Vision<\/span><\/strong><\/span><\/h3><ul><li class=\"mouse-focus focus\">Position in the national and international community, as an institute recognized for excellence and leadership in the research and development of services in engineering, architecture, computing and computing to achieve a wider dissemination and coverage of their results.<\/li><\/ul><h3>\u00a0 \u00a0 \u00a0 \u00a0 \u00a0 \u00a0\u00a0<strong><span style=\"color: #204c6f;\">Objectives<\/span><\/strong><\/h3><ul><li>Actively contribute to the technological development of the country, through the research in the field of engineering, architecture, computer science, and computer science.<\/li><li>Train graduate students and post-graduate.<\/li><li>Contribute to the training of technical staff and specialists by means of continuing education programs.<\/li><li>Make research projects with internal funds, external, and mixed by contract; with the purpose of solving specific problems of government departments, autonomous institutions, private companies and individuals.<\/li><li>Promoting service in the areas of own research in engineering.<\/li><li>Publish and disseminate the results of research projects.<\/li><li>Develop activities with other institutes and organizations in the priority projects for the Institute and for the development of the country.<\/li><\/ul>\t\t\t\t\t\t\t\t<\/div>\n\t\t\t\t<\/div>\n\t\t\t\t\t<\/div>\n\t\t<\/div>\n\t\t\t\t<div class=\"elementor-column elementor-col-50 elementor-inner-column elementor-element elementor-element-ddbd78d\" data-id=\"ddbd78d\" data-element_type=\"column\" data-e-type=\"column\">\n\t\t\t<div class=\"elementor-widget-wrap elementor-element-populated\">\n\t\t\t\t\t\t<div class=\"elementor-element elementor-element-96b1369 elementor-widget elementor-widget-image\" data-id=\"96b1369\" data-element_type=\"widget\" data-e-type=\"widget\" data-widget_type=\"image.default\">\n\t\t\t\t<div class=\"elementor-widget-container\">\n\t\t\t\t\t\t\t\t\t\t\t\t\t\t\t<img fetchpriority=\"high\" decoding=\"async\" width=\"720\" height=\"540\" src=\"https:\/\/inii.ucr.ac.cr\/wp-content\/uploads\/2019\/03\/pasillo-1024x768.jpg\" class=\"attachment-large size-large wp-image-123\" alt=\"\" srcset=\"https:\/\/inii.ucr.ac.cr\/wp-content\/uploads\/2019\/03\/pasillo.jpg 1024w, https:\/\/inii.ucr.ac.cr\/wp-content\/uploads\/2019\/03\/pasillo-300x225.jpg 300w, https:\/\/inii.ucr.ac.cr\/wp-content\/uploads\/2019\/03\/pasillo-768x576.jpg 768w\" sizes=\"(max-width: 720px) 100vw, 720px\" \/>\t\t\t\t\t\t\t\t\t\t\t\t\t\t\t<\/div>\n\t\t\t\t<\/div>\n\t\t\t\t<div class=\"elementor-element elementor-element-b7c1676 elementor-widget elementor-widget-image\" data-id=\"b7c1676\" data-element_type=\"widget\" data-e-type=\"widget\" data-widget_type=\"image.default\">\n\t\t\t\t<div class=\"elementor-widget-container\">\n\t\t\t\t\t\t\t\t\t\t\t\t\t\t\t<img decoding=\"async\" width=\"720\" height=\"540\" src=\"https:\/\/inii.ucr.ac.cr\/wp-content\/uploads\/2019\/03\/atras-1024x768.jpg\" class=\"attachment-large size-large wp-image-122\" alt=\"\" srcset=\"https:\/\/inii.ucr.ac.cr\/wp-content\/uploads\/2019\/03\/atras.jpg 1024w, https:\/\/inii.ucr.ac.cr\/wp-content\/uploads\/2019\/03\/atras-300x225.jpg 300w, https:\/\/inii.ucr.ac.cr\/wp-content\/uploads\/2019\/03\/atras-768x576.jpg 768w\" sizes=\"(max-width: 720px) 100vw, 720px\" \/>\t\t\t\t\t\t\t\t\t\t\t\t\t\t\t<\/div>\n\t\t\t\t<\/div>\n\t\t\t\t<div class=\"elementor-element elementor-element-0e3dcac elementor-widget elementor-widget-image\" data-id=\"0e3dcac\" data-element_type=\"widget\" data-e-type=\"widget\" data-widget_type=\"image.default\">\n\t\t\t\t<div class=\"elementor-widget-container\">\n\t\t\t\t\t\t\t\t\t\t\t\t\t\t\t<img decoding=\"async\" width=\"720\" height=\"540\" src=\"https:\/\/inii.ucr.ac.cr\/wp-content\/uploads\/2019\/03\/IMGP1084-1024x768-1024x768.jpg\" class=\"attachment-large size-large wp-image-40\" alt=\"\" srcset=\"https:\/\/inii.ucr.ac.cr\/wp-content\/uploads\/2019\/03\/IMGP1084-1024x768.jpg 1024w, https:\/\/inii.ucr.ac.cr\/wp-content\/uploads\/2019\/03\/IMGP1084-1024x768-300x225.jpg 300w, https:\/\/inii.ucr.ac.cr\/wp-content\/uploads\/2019\/03\/IMGP1084-1024x768-768x576.jpg 768w\" sizes=\"(max-width: 720px) 100vw, 720px\" \/>\t\t\t\t\t\t\t\t\t\t\t\t\t\t\t<\/div>\n\t\t\t\t<\/div>\n\t\t\t\t\t<\/div>\n\t\t<\/div>\n\t\t\t\t\t<\/div>\n\t\t<\/section>\n\t\t\t\t\t<\/div>\n\t\t<\/div>\n\t\t\t\t\t<\/div>\n\t\t<\/section>\n\t\t\t\t<\/div>","protected":false},"excerpt":{"rendered":"<p>Misi\u00f3n\u00a0 Desarrollar investigaciones y servicios en las \u00e1reas de ingenier\u00eda, arquitectura, inform\u00e1tica y computaci\u00f3n. Tambi\u00e9n, transmitir los resultados a la comunidad nacional e internacional, a trav\u00e9s de la docencia y la acci\u00f3n social, esto con el fin de contribuir con el desarrollo sustentable, con apego a la \u00e9tica, el humanismo y el conocimiento de las [&hellip;]<\/p>\n","protected":false},"author":4,"featured_media":0,"parent":0,"menu_order":0,"comment_status":"closed","ping_status":"closed","template":"","meta":{"footnotes":""},"class_list":["post-120","page","type-page","status-publish","hentry","post"],"_links":{"self":[{"href":"https:\/\/inii.ucr.ac.cr\/en\/wp-json\/wp\/v2\/pages\/120","targetHints":{"allow":["GET"]}}],"collection":[{"href":"https:\/\/inii.ucr.ac.cr\/en\/wp-json\/wp\/v2\/pages"}],"about":[{"href":"https:\/\/inii.ucr.ac.cr\/en\/wp-json\/wp\/v2\/types\/page"}],"author":[{"embeddable":true,"href":"https:\/\/inii.ucr.ac.cr\/en\/wp-json\/wp\/v2\/users\/4"}],"replies":[{"embeddable":true,"href":"https:\/\/inii.ucr.ac.cr\/en\/wp-json\/wp\/v2\/comments?post=120"}],"version-history":[{"count":7,"href":"https:\/\/inii.ucr.ac.cr\/en\/wp-json\/wp\/v2\/pages\/120\/revisions"}],"predecessor-version":[{"id":258,"href":"https:\/\/inii.ucr.ac.cr\/en\/wp-json\/wp\/v2\/pages\/120\/revisions\/258"}],"wp:attachment":[{"href":"https:\/\/inii.ucr.ac.cr\/en\/wp-json\/wp\/v2\/media?parent=120"}],"curies":[{"name":"wp","href":"https:\/\/api.w.org\/{rel}","templated":true}]}}