{"id":131,"date":"2019-03-28T21:45:14","date_gmt":"2019-03-28T20:45:14","guid":{"rendered":"http:\/\/inii.ucr.ac.cr\/?page_id=131"},"modified":"2026-01-07T14:21:19","modified_gmt":"2026-01-07T20:21:19","slug":"personal","status":"publish","type":"page","link":"https:\/\/inii.ucr.ac.cr\/en\/personal\/","title":{"rendered":"Staff"},"content":{"rendered":"<div data-elementor-type=\"wp-post\" data-elementor-id=\"131\" class=\"elementor elementor-131\">\n\t\t\t\t\t\t<section class=\"elementor-section elementor-top-section elementor-element elementor-element-1afbe80 elementor-section-boxed elementor-section-height-default elementor-section-height-default\" data-id=\"1afbe80\" data-element_type=\"section\" data-e-type=\"section\">\n\t\t\t\t\t\t<div class=\"elementor-container elementor-column-gap-default\">\n\t\t\t\t\t<div class=\"elementor-column elementor-col-100 elementor-top-column elementor-element elementor-element-48eb7b7\" data-id=\"48eb7b7\" data-element_type=\"column\" data-e-type=\"column\">\n\t\t\t<div class=\"elementor-widget-wrap elementor-element-populated\">\n\t\t\t\t\t\t<div class=\"elementor-element elementor-element-6278f36 elementor-widget elementor-widget-text-editor\" data-id=\"6278f36\" data-element_type=\"widget\" data-e-type=\"widget\" data-widget_type=\"text-editor.default\">\n\t\t\t\t<div class=\"elementor-widget-container\">\n\t\t\t\t\t\t\t\t\t<p>\n<table id=\"tablepress-8\" class=\"tablepress tablepress-id-8 tbody-has-connected-cells\">\n<thead>\n<tr class=\"row-1\">\n\t<th class=\"column-1\">Funcionaria\/o<\/th><th class=\"column-2\">Funci\u00f3n<\/th><th class=\"column-3\">Correo<\/th><th class=\"column-4\">T\u00e9lefono<\/th>\n<\/tr>\n<\/thead>\n<tbody class=\"row-striping row-hover\">\n<tr class=\"row-2\">\n\t<td class=\"column-1\">Johanna Mendez Arias<\/td><td class=\"column-2\">Directora, INII<\/td><td class=\"column-3\">johanna.mendezarias@ucr.ac.cr <\/td><td class=\"column-4\">2511-6642<\/td>\n<\/tr>\n<tr class=\"row-3\">\n\t<td class=\"column-1\">Ingrid Montero Molina<\/td><td class=\"column-2\">Head Administraiva<\/td><td class=\"column-3\">ingrid.montero@ucr.ac.cr<\/td><td class=\"column-4\">2511-6637<\/td>\n<\/tr>\n<tr class=\"row-4\">\n\t<td class=\"column-1\">Joseph Anel Mart\u00edrez Ramirez<\/td><td class=\"column-2\">Administrative Assistant<\/td><td class=\"column-3\">jose.martinezramirez@ucr.ac.cr<\/td><td class=\"column-4\">2511-6641<\/td>\n<\/tr>\n<tr class=\"row-5\">\n\t<td class=\"column-1\">Kattia Calderon Arias<\/td><td class=\"column-2\">Receptionist<\/td><td class=\"column-3\">kattia.calderon@ucr.ac.cr<\/td><td class=\"column-4\">2511-5434<\/td>\n<\/tr>\n<tr class=\"row-6\">\n\t<td class=\"column-1\">Gabriela Bonilla Gamboa<\/td><td class=\"column-2\">Secretary<\/td><td class=\"column-3\">gabriela.bonillagamboa@ucr.ac.cr<\/td><td class=\"column-4\">2511-6661<\/td>\n<\/tr>\n<tr class=\"row-7\">\n\t<td class=\"column-1\">Karina Chopped Solano<\/td><td class=\"column-2\">Secretary<\/td><td class=\"column-3\">karina.picadosolano@ucr.ac.cr<\/td><td class=\"column-4\">2511-6642<\/td>\n<\/tr>\n<tr class=\"row-8\">\n\t<td colspan=\"4\" class=\"column-1\">Information and Documentation centre<\/td>\n<\/tr>\n<tr class=\"row-9\">\n\t<td class=\"column-1\">Sandra Espinoza Baltodano<\/td><td class=\"column-2\">Coordinator<\/td><td class=\"column-3\">sandra.espinoza@ucr.ac.cr<\/td><td class=\"column-4\">2511-6644<\/td>\n<\/tr>\n<tr class=\"row-10\">\n\t<td colspan=\"4\" class=\"column-1\">Center of Design and Audiovisual Support<\/td>\n<\/tr>\n<tr class=\"row-11\">\n\t<td class=\"column-1\">Melissa Gonzalez Villalobos<\/td><td class=\"column-2\">Coordinator<\/td><td class=\"column-3\">melissa.gonzalez@ucr.ac.cr<\/td><td class=\"column-4\">2511-6691<\/td>\n<\/tr>\n<tr class=\"row-12\">\n\t<td class=\"column-1\">Michael Quiros Gomez<\/td><td class=\"column-2\">Technical<\/td><td class=\"column-3\">michael.quiros@ucr.ac.cr<\/td><td class=\"column-4\">2511-6693<\/td>\n<\/tr>\n<tr class=\"row-13\">\n\t<td class=\"column-1\">Yuri Matamoros Solano<\/td><td class=\"column-2\">Technical<\/td><td class=\"column-3\">yuri.matamoros@ucr.ac.cr<\/td><td class=\"column-4\">2511-5195<\/td>\n<\/tr>\n<tr class=\"row-14\">\n\t<td colspan=\"4\" class=\"column-1\">Laboratorio de Ingenier\u00eda S\u00edsmica \u2013 LIS-UCR<\/td>\n<\/tr>\n<tr class=\"row-15\">\n\t<td class=\"column-1\">\u00c1ndres Gonz\u00e1lez Ure\u00f1a<\/td><td class=\"column-2\">Coordinator<\/td><td class=\"column-3\">andres.gonzalezurena@ucr.ac.cr<\/td><td class=\"column-4\">2511-6677<\/td>\n<\/tr>\n<tr class=\"row-16\">\n\t<td class=\"column-1\">Victor Schmidt Diaz<\/td><td class=\"column-2\">Researcher<\/td><td class=\"column-3\">victor.schmidt@ucr.ac.cr<\/td><td class=\"column-4\"><\/td>\n<\/tr>\n<tr class=\"row-17\">\n\t<td class=\"column-1\">Aaron Moya Fernandez<\/td><td class=\"column-2\">Researcher<\/td><td class=\"column-3\">cesar.moya@ucr.ac.cr<\/td><td class=\"column-4\">2511-6679<\/td>\n<\/tr>\n<tr class=\"row-18\">\n\t<td class=\"column-1\">Diego Hidalgo Leiva<\/td><td class=\"column-2\">Researcher<\/td><td class=\"column-3\">diego.hidalgo@ucr.ac.cr<\/td><td class=\"column-4\">2511-6676<\/td>\n<\/tr>\n<tr class=\"row-19\">\n\t<td class=\"column-1\">Regina Salas Monge<\/td><td class=\"column-2\">Researcher<\/td><td class=\"column-3\">regina.salas@ucr.ac.cr<\/td><td class=\"column-4\"><\/td>\n<\/tr>\n<tr class=\"row-20\">\n\t<td class=\"column-1\">George Stwart Per\u00e9z Per\u00e9z<\/td><td class=\"column-2\">Developer<\/td><td class=\"column-3\">jorgestwart.perez@ucr.ac.cr<\/td><td class=\"column-4\"><\/td>\n<\/tr>\n<tr class=\"row-21\">\n\t<td class=\"column-1\">Luis Esteban Navarro Ceciliano<\/td><td class=\"column-2\">Technical<\/td><td class=\"column-3\">luis.navarroceciliano@ucr.ac.cr<\/td><td class=\"column-4\">2511-6681<\/td>\n<\/tr>\n<tr class=\"row-22\">\n\t<td class=\"column-1\">Gustavo Poveda Mendez<\/td><td class=\"column-2\">Technical<\/td><td class=\"column-3\">elberth.poveda@ucr.ac.cr<\/td><td class=\"column-4\">2511-6682<\/td>\n<\/tr>\n<tr class=\"row-23\">\n\t<td class=\"column-1\">Esteban Lopez Ferryman<\/td><td class=\"column-2\">Technical<\/td><td class=\"column-3\">esteban.lopez@ucr.ac.cr<\/td><td class=\"column-4\">2511-6680<\/td>\n<\/tr>\n<tr class=\"row-24\">\n\t<td colspan=\"4\" class=\"column-1\">Unit of Marine Engineering, rivers and estuaries \u2013 IMARES<\/td>\n<\/tr>\n<tr class=\"row-25\">\n\t<td class=\"column-1\">Georges Govaere Vicarioli<\/td><td class=\"column-2\">Coordinator<\/td><td class=\"column-3\">georges.govaere@ucr.ac.cr<\/td><td class=\"column-4\">2511-4640<\/td>\n<\/tr>\n<tr class=\"row-26\">\n\t<td class=\"column-1\">Henry Alfaro Chavarria<\/td><td class=\"column-2\">Researcher<\/td><td class=\"column-3\">henry.alfaro@ucr.ac.cr<\/td><td class=\"column-4\">2511-4633<\/td>\n<\/tr>\n<tr class=\"row-27\">\n\t<td class=\"column-1\">Ronald Viquez Acosta<\/td><td class=\"column-2\">Researcher<\/td><td class=\"column-3\">ronald.viquez@ucr.ac.cr<\/td><td class=\"column-4\">2511-4638<\/td>\n<\/tr>\n<tr class=\"row-28\">\n\t<td class=\"column-1\">Mar\u00eda Jos\u00e9 Camacho Cordero<\/td><td class=\"column-2\">Researcher<\/td><td class=\"column-3\">maria.camachocordero@ucr.ac.cr<\/td><td class=\"column-4\"><\/td>\n<\/tr>\n<tr class=\"row-29\">\n\t<td class=\"column-1\">Luis Fernando L\u00f3pez Arias<\/td><td class=\"column-2\">Researcher<\/td><td class=\"column-3\">luis.lopezarias@ucr.ac.cr<\/td><td class=\"column-4\"><\/td>\n<\/tr>\n<tr class=\"row-30\">\n\t<td class=\"column-1\">Felipe Calleja Apestegui<\/td><td class=\"column-2\">Researcher<\/td><td class=\"column-3\">felipe.callejaapestegui@ucr.ac.cr<\/td><td class=\"column-4\">2511-4642<\/td>\n<\/tr>\n<tr class=\"row-31\">\n\t<td class=\"column-1\">Diego Cornejo Pens<\/td><td class=\"column-2\">Researcher<\/td><td class=\"column-3\">diego.cornejo@ucr.ac.cr<\/td><td class=\"column-4\">2511-4603<\/td>\n<\/tr>\n<tr class=\"row-32\">\n\t<td colspan=\"4\" class=\"column-1\">Magazine Engineering<\/td>\n<\/tr>\n<tr class=\"row-33\">\n\t<td class=\"column-1\">Mauricio Varela S\u00e1nchez<\/td><td class=\"column-2\">Director<\/td><td class=\"column-3\">revista.inii@ucr.ac.cr<\/td><td class=\"column-4\">2511-2649<\/td>\n<\/tr>\n<tr class=\"row-34\">\n\t<td colspan=\"4\" class=\"column-1\">Unit of Forest Resources \u2013 REFORESTA<\/td>\n<\/tr>\n<tr class=\"row-35\">\n\t<td class=\"column-1\">Agustin Solano Arguedas<\/td><td class=\"column-2\">Coordinator<\/td><td class=\"column-3\">agustin.solano@ucr.ac.cr<\/td><td class=\"column-4\">2511-4913<\/td>\n<\/tr>\n<tr class=\"row-36\">\n\t<td class=\"column-1\">Pedro Casanova Treto<\/td><td class=\"column-2\">Researcher<\/td><td class=\"column-3\">pedro.casanova@ucr.ac.cr<\/td><td class=\"column-4\">2511-6705<\/td>\n<\/tr>\n<tr class=\"row-37\">\n\t<td class=\"column-1\">Johanna Mendez Arias<\/td><td class=\"column-2\">Researcher<\/td><td class=\"column-3\">johanna.mendezarias@ucr.ac.cr<\/td><td class=\"column-4\"><\/td>\n<\/tr>\n<tr class=\"row-38\">\n\t<td class=\"column-1\">Karina Rodriguez Mora<\/td><td class=\"column-2\">Researcher<\/td><td class=\"column-3\">karina.rodriguezmora@ucr.ac.cr<\/td><td class=\"column-4\">2511-3402<\/td>\n<\/tr>\n<tr class=\"row-39\">\n\t<td class=\"column-1\">Carlos Rojas Alvarado<\/td><td class=\"column-2\">Researcher<\/td><td class=\"column-3\">carlos.rojasalvarado@ucr.ac.cr<\/td><td class=\"column-4\">2511-6704<\/td>\n<\/tr>\n<tr class=\"row-40\">\n\t<td class=\"column-1\">Pedro Rojas Camacho<\/td><td class=\"column-2\">Technical<\/td><td class=\"column-3\">pedro.rojas@ucr.ac.cr<\/td><td class=\"column-4\">2511-4697<\/td>\n<\/tr>\n<tr class=\"row-41\">\n\t<td colspan=\"4\" class=\"column-1\">Unidad de Investigaci\u00f3n y soluciones en medici\u00f3n \u2013 Metriko<\/td>\n<\/tr>\n<tr class=\"row-42\">\n\t<td class=\"column-1\">Paula Solano Sanchez<\/td><td class=\"column-2\">Coordinator<\/td><td class=\"column-3\">paula.solano@ucr.ac.cr<\/td><td class=\"column-4\">2511-2989<\/td>\n<\/tr>\n<tr class=\"row-43\">\n\t<td class=\"column-1\">Johanna Mendez Arias<\/td><td class=\"column-2\">Researcher<\/td><td class=\"column-3\">johanna.mendezarias@ucr.ac.cr<\/td><td class=\"column-4\"><\/td>\n<\/tr>\n<tr class=\"row-44\">\n\t<td class=\"column-1\">Lautaro Ramirez Varas<\/td><td class=\"column-2\">Researcher<\/td><td class=\"column-3\">lautaro.ramirezvaras@ucr.ac.cr<\/td><td class=\"column-4\"><\/td>\n<\/tr>\n<tr class=\"row-45\">\n\t<td class=\"column-1\">Isabela carlos Sainz, Molestina<\/td><td class=\"column-2\">Researcher<\/td><td class=\"column-3\">isabela.desainz@ucr.ac.cr<\/td><td class=\"column-4\"><\/td>\n<\/tr>\n<tr class=\"row-46\">\n\t<td class=\"column-1\">Allan Mora Vindas<\/td><td class=\"column-2\">Researcher<\/td><td class=\"column-3\">allan.moravindas@ucr.ac.cr<\/td><td class=\"column-4\"><\/td>\n<\/tr>\n<tr class=\"row-47\">\n\t<td class=\"column-1\">Maria Paula Macklin<\/td><td class=\"column-2\">Researcher<\/td><td class=\"column-3\">maria.macklin@ucr.ac.cr<\/td><td class=\"column-4\"><\/td>\n<\/tr>\n<tr class=\"row-48\">\n\t<td class=\"column-1\">Jason Roman Fernandez<\/td><td class=\"column-2\">Technical<\/td><td class=\"column-3\">jason.roman@ucr.ac.cr<\/td><td class=\"column-4\">2511-2986<\/td>\n<\/tr>\n<\/tbody>\n<\/table>\n<!-- #tablepress-8 from cache --><\/p>\t\t\t\t\t\t\t\t<\/div>\n\t\t\t\t<\/div>\n\t\t\t\t\t<\/div>\n\t\t<\/div>\n\t\t\t\t\t<\/div>\n\t\t<\/section>\n\t\t\t\t<\/div>","protected":false},"excerpt":{"rendered":"","protected":false},"author":4,"featured_media":0,"parent":0,"menu_order":0,"comment_status":"closed","ping_status":"closed","template":"","meta":{"footnotes":""},"class_list":["post-131","page","type-page","status-publish","hentry","post"],"_links":{"self":[{"href":"https:\/\/inii.ucr.ac.cr\/en\/wp-json\/wp\/v2\/pages\/131","targetHints":{"allow":["GET"]}}],"collection":[{"href":"https:\/\/inii.ucr.ac.cr\/en\/wp-json\/wp\/v2\/pages"}],"about":[{"href":"https:\/\/inii.ucr.ac.cr\/en\/wp-json\/wp\/v2\/types\/page"}],"author":[{"embeddable":true,"href":"https:\/\/inii.ucr.ac.cr\/en\/wp-json\/wp\/v2\/users\/4"}],"replies":[{"embeddable":true,"href":"https:\/\/inii.ucr.ac.cr\/en\/wp-json\/wp\/v2\/comments?post=131"}],"version-history":[{"count":11,"href":"https:\/\/inii.ucr.ac.cr\/en\/wp-json\/wp\/v2\/pages\/131\/revisions"}],"predecessor-version":[{"id":542,"href":"https:\/\/inii.ucr.ac.cr\/en\/wp-json\/wp\/v2\/pages\/131\/revisions\/542"}],"wp:attachment":[{"href":"https:\/\/inii.ucr.ac.cr\/en\/wp-json\/wp\/v2\/media?parent=131"}],"curies":[{"name":"wp","href":"https:\/\/api.w.org\/{rel}","templated":true}]}}