{"id":137,"date":"2019-03-28T21:48:37","date_gmt":"2019-03-28T20:48:37","guid":{"rendered":"http:\/\/inii.ucr.ac.cr\/?page_id=137"},"modified":"2026-01-15T16:08:15","modified_gmt":"2026-01-15T22:08:15","slug":"imares-2","status":"publish","type":"page","link":"https:\/\/inii.ucr.ac.cr\/en\/imares-2\/","title":{"rendered":"IMARES"},"content":{"rendered":"<div data-elementor-type=\"wp-post\" data-elementor-id=\"137\" class=\"elementor elementor-137\">\n\t\t\t\t\t\t<section class=\"elementor-section elementor-top-section elementor-element elementor-element-d5ea9df elementor-section-boxed elementor-section-height-default elementor-section-height-default\" data-id=\"d5ea9df\" data-element_type=\"section\" data-e-type=\"section\">\n\t\t\t\t\t\t<div class=\"elementor-container elementor-column-gap-default\">\n\t\t\t\t\t<div class=\"elementor-column elementor-col-100 elementor-top-column elementor-element elementor-element-61e473a\" data-id=\"61e473a\" data-element_type=\"column\" data-e-type=\"column\">\n\t\t\t<div class=\"elementor-widget-wrap elementor-element-populated\">\n\t\t\t\t\t\t<div class=\"elementor-element elementor-element-0517062 elementor-widget elementor-widget-image\" data-id=\"0517062\" data-element_type=\"widget\" data-e-type=\"widget\" data-widget_type=\"image.default\">\n\t\t\t\t<div class=\"elementor-widget-container\">\n\t\t\t\t\t\t\t\t\t\t\t\t\t\t\t<img fetchpriority=\"high\" decoding=\"async\" width=\"720\" height=\"196\" src=\"https:\/\/inii.ucr.ac.cr\/wp-content\/uploads\/2019\/03\/imares1-1024x279.png\" class=\"attachment-large size-large wp-image-139\" alt=\"\" srcset=\"https:\/\/inii.ucr.ac.cr\/wp-content\/uploads\/2019\/03\/imares1.png 1024w, https:\/\/inii.ucr.ac.cr\/wp-content\/uploads\/2019\/03\/imares1-300x82.png 300w, https:\/\/inii.ucr.ac.cr\/wp-content\/uploads\/2019\/03\/imares1-768x209.png 768w\" sizes=\"(max-width: 720px) 100vw, 720px\" \/>\t\t\t\t\t\t\t\t\t\t\t\t\t\t\t<\/div>\n\t\t\t\t<\/div>\n\t\t\t\t\t<\/div>\n\t\t<\/div>\n\t\t\t\t\t<\/div>\n\t\t<\/section>\n\t\t\t\t<section class=\"elementor-section elementor-top-section elementor-element elementor-element-0f02692 elementor-section-boxed elementor-section-height-default elementor-section-height-default\" data-id=\"0f02692\" data-element_type=\"section\" data-e-type=\"section\">\n\t\t\t\t\t\t<div class=\"elementor-container elementor-column-gap-default\">\n\t\t\t\t\t<div class=\"elementor-column elementor-col-100 elementor-top-column elementor-element elementor-element-de676f2\" data-id=\"de676f2\" data-element_type=\"column\" data-e-type=\"column\">\n\t\t\t<div class=\"elementor-widget-wrap elementor-element-populated\">\n\t\t\t\t\t\t<div class=\"elementor-element elementor-element-dea8165 elementor-widget elementor-widget-text-editor\" data-id=\"dea8165\" data-element_type=\"widget\" data-e-type=\"widget\" data-widget_type=\"text-editor.default\">\n\t\t\t\t<div class=\"elementor-widget-container\">\n\t\t\t\t\t\t\t\t\t<h4><strong><span style=\"color: #204c6f;\">Unidad de Ingenier\u00eda Mar\u00edtima de R\u00edos y Estuarios (IMARES)<\/span><\/strong><\/h4><p>Es un centro compuesto por un grupo multidisciplinario de investigadores calificados. La Unidad est\u00e1 conformada por ingenieros agr\u00edcolas, civiles y top\u00f3grafos, as\u00ed como estudiantes asistentes que juntos logran un trabajo integral que permite generar soluciones eficientes y de calidad, as\u00ed como investigaciones confiables.<\/p><p>IMARES est\u00e1 comprometido con el desarrollo sustentable del pa\u00eds, por lo que sus l\u00edneas de investigaci\u00f3n buscan brindar herramientas para mejorar la calidad del dise\u00f1o de obras costeras y, a su vez, realizar una buena gesti\u00f3n y manejo de los ecosistemas marinos y costeros.<\/p><p>Entre sus principales funciones est\u00e1n: determinaci\u00f3n de condiciones de oleaje y caudales extraordinarios, zonas de inundaci\u00f3n, peligro de erosi\u00f3n y transporte de sedimentos; adem\u00e1s de la propagaci\u00f3n num\u00e9rica del oleaje y de ondas de marea y el dise\u00f1o de obras de protecci\u00f3n de abrigo, tanto fluviales como costeras.<\/p><p style=\"text-align: right;\"><span style=\"color: #99ccff;\"><a style=\"color: #99ccff;\" href=\"http:\/\/www.imares.ucr.ac.cr\/\" target=\"_blank\" rel=\"noopener\" data-wplink-edit=\"true\">P\u00e1gina Principal IMARES<\/a><\/span><\/p>\t\t\t\t\t\t\t\t<\/div>\n\t\t\t\t<\/div>\n\t\t\t\t\t<\/div>\n\t\t<\/div>\n\t\t\t\t\t<\/div>\n\t\t<\/section>\n\t\t\t\t<\/div>","protected":false},"excerpt":{"rendered":"<p>Unidad de Ingenier\u00eda Mar\u00edtima de R\u00edos y Estuarios (IMARES) Es un centro compuesto por un grupo multidisciplinario de investigadores calificados. La Unidad est\u00e1 conformada por ingenieros agr\u00edcolas, civiles y top\u00f3grafos, as\u00ed como estudiantes asistentes que juntos logran un trabajo integral que permite generar soluciones eficientes y de calidad, as\u00ed como investigaciones confiables. IMARES est\u00e1 comprometido [&hellip;]<\/p>\n","protected":false},"author":4,"featured_media":0,"parent":0,"menu_order":0,"comment_status":"closed","ping_status":"closed","template":"","meta":{"footnotes":""},"class_list":["post-137","page","type-page","status-publish","hentry","post"],"_links":{"self":[{"href":"https:\/\/inii.ucr.ac.cr\/en\/wp-json\/wp\/v2\/pages\/137","targetHints":{"allow":["GET"]}}],"collection":[{"href":"https:\/\/inii.ucr.ac.cr\/en\/wp-json\/wp\/v2\/pages"}],"about":[{"href":"https:\/\/inii.ucr.ac.cr\/en\/wp-json\/wp\/v2\/types\/page"}],"author":[{"embeddable":true,"href":"https:\/\/inii.ucr.ac.cr\/en\/wp-json\/wp\/v2\/users\/4"}],"replies":[{"embeddable":true,"href":"https:\/\/inii.ucr.ac.cr\/en\/wp-json\/wp\/v2\/comments?post=137"}],"version-history":[{"count":7,"href":"https:\/\/inii.ucr.ac.cr\/en\/wp-json\/wp\/v2\/pages\/137\/revisions"}],"predecessor-version":[{"id":546,"href":"https:\/\/inii.ucr.ac.cr\/en\/wp-json\/wp\/v2\/pages\/137\/revisions\/546"}],"wp:attachment":[{"href":"https:\/\/inii.ucr.ac.cr\/en\/wp-json\/wp\/v2\/media?parent=137"}],"curies":[{"name":"wp","href":"https:\/\/api.w.org\/{rel}","templated":true}]}}