{"id":152,"date":"2019-03-28T21:59:03","date_gmt":"2019-03-28T20:59:03","guid":{"rendered":"http:\/\/inii.ucr.ac.cr\/?page_id=152"},"modified":"2019-04-09T22:46:00","modified_gmt":"2019-04-09T20:46:00","slug":"lis","status":"publish","type":"page","link":"https:\/\/inii.ucr.ac.cr\/en\/lis\/","title":{"rendered":"LIS"},"content":{"rendered":"<div data-elementor-type=\"wp-post\" data-elementor-id=\"152\" class=\"elementor elementor-152\">\n\t\t\t\t\t\t<section class=\"elementor-section elementor-top-section elementor-element elementor-element-70b0778 elementor-section-boxed elementor-section-height-default elementor-section-height-default\" data-id=\"70b0778\" data-element_type=\"section\" data-e-type=\"section\">\n\t\t\t\t\t\t<div class=\"elementor-container elementor-column-gap-default\">\n\t\t\t\t\t<div class=\"elementor-column elementor-col-100 elementor-top-column elementor-element elementor-element-20a0fdb\" data-id=\"20a0fdb\" data-element_type=\"column\" data-e-type=\"column\">\n\t\t\t<div class=\"elementor-widget-wrap elementor-element-populated\">\n\t\t\t\t\t\t<div class=\"elementor-element elementor-element-afd901f elementor-widget elementor-widget-image\" data-id=\"afd901f\" data-element_type=\"widget\" data-e-type=\"widget\" data-widget_type=\"image.default\">\n\t\t\t\t<div class=\"elementor-widget-container\">\n\t\t\t\t\t\t\t\t\t\t\t\t\t\t\t<img fetchpriority=\"high\" decoding=\"async\" width=\"720\" height=\"196\" src=\"https:\/\/inii.ucr.ac.cr\/wp-content\/uploads\/2019\/03\/lis1-1024x279.png\" class=\"attachment-large size-large wp-image-148\" alt=\"\" srcset=\"https:\/\/inii.ucr.ac.cr\/wp-content\/uploads\/2019\/03\/lis1.png 1024w, https:\/\/inii.ucr.ac.cr\/wp-content\/uploads\/2019\/03\/lis1-300x82.png 300w, https:\/\/inii.ucr.ac.cr\/wp-content\/uploads\/2019\/03\/lis1-768x209.png 768w\" sizes=\"(max-width: 720px) 100vw, 720px\" \/>\t\t\t\t\t\t\t\t\t\t\t\t\t\t\t<\/div>\n\t\t\t\t<\/div>\n\t\t\t\t\t<\/div>\n\t\t<\/div>\n\t\t\t\t\t<\/div>\n\t\t<\/section>\n\t\t\t\t<section class=\"elementor-section elementor-top-section elementor-element elementor-element-e57d7e7 elementor-section-boxed elementor-section-height-default elementor-section-height-default\" data-id=\"e57d7e7\" data-element_type=\"section\" data-e-type=\"section\">\n\t\t\t\t\t\t<div class=\"elementor-container elementor-column-gap-default\">\n\t\t\t\t\t<div class=\"elementor-column elementor-col-100 elementor-top-column elementor-element elementor-element-f043639\" data-id=\"f043639\" data-element_type=\"column\" data-e-type=\"column\">\n\t\t\t<div class=\"elementor-widget-wrap elementor-element-populated\">\n\t\t\t\t\t\t<div class=\"elementor-element elementor-element-7d770cd elementor-widget elementor-widget-text-editor\" data-id=\"7d770cd\" data-element_type=\"widget\" data-e-type=\"widget\" data-widget_type=\"text-editor.default\">\n\t\t\t\t<div class=\"elementor-widget-container\">\n\t\t\t\t\t\t\t\t\t<h3><strong><span style=\"color: #204c6f;\">Laboratorio de Ingenier\u00eda S\u00edsmica<\/span><\/strong><\/h3><p>Es el primer centro de investigaci\u00f3n de este pa\u00eds en este campo. Asimismo, es el \u00fanico en el \u00e1rea centroamericana dedicado exclusivamente a la investigaci\u00f3n de Ingenier\u00eda S\u00edsmica. <br \/>En la actualidad se mantienen en operaci\u00f3n 38 estaciones acelerogr\u00e1ficas y se han logrado registrar en 18 a\u00f1os m\u00e1s de 1100 acelerogramas, a partir de los cuales se hacen estudios de amenaza y vulnerabilidad s\u00edsmica, microzonificaci\u00f3n y atenuaci\u00f3n de la onda s\u00edsmica, entre otros.<\/p><p>El LIS persigue objetivos en l\u00ednea directa con aplicaciones a la Ingenier\u00eda S\u00edsmica y relacionados espec\u00edficamente con el impacto de los sismos en los centros de poblaci\u00f3n (estructuras, suelos, l\u00edneas vitales, etc). Adem\u00e1s, lleva a cabo el c\u00e1lculo de efectos de amplificaci\u00f3n, intensidad s\u00edsmica y de espectros de respuesta y de dise\u00f1o en cada informe de sismo fuerte que se genera. Adicionalmente estima los par\u00e1metros de la fuente s\u00edsmica como son localizaci\u00f3n y magnitud mediante equipo acelerogr\u00e1fico.<\/p><p style=\"text-align: right;\"><span style=\"color: #99ccff;\"><a style=\"color: #99ccff;\" href=\"http:\/\/www.lis.ucr.ac.cr\/index.php?id=Inicio\" target=\"_blank\" rel=\"noopener\">P\u00e1gina Principal LIS<\/a><\/span><\/p>\t\t\t\t\t\t\t\t<\/div>\n\t\t\t\t<\/div>\n\t\t\t\t\t<\/div>\n\t\t<\/div>\n\t\t\t\t\t<\/div>\n\t\t<\/section>\n\t\t\t\t<\/div>","protected":false},"excerpt":{"rendered":"<p>Laboratorio de Ingenier\u00eda S\u00edsmica Es el primer centro de investigaci\u00f3n de este pa\u00eds en este campo. Asimismo, es el \u00fanico en el \u00e1rea centroamericana dedicado exclusivamente a la investigaci\u00f3n de Ingenier\u00eda S\u00edsmica. En la actualidad se mantienen en operaci\u00f3n 38 estaciones acelerogr\u00e1ficas y se han logrado registrar en 18 a\u00f1os m\u00e1s de 1100 acelerogramas, a [&hellip;]<\/p>\n","protected":false},"author":4,"featured_media":0,"parent":0,"menu_order":0,"comment_status":"closed","ping_status":"closed","template":"","meta":{"footnotes":""},"class_list":["post-152","page","type-page","status-publish","hentry","post"],"_links":{"self":[{"href":"https:\/\/inii.ucr.ac.cr\/en\/wp-json\/wp\/v2\/pages\/152","targetHints":{"allow":["GET"]}}],"collection":[{"href":"https:\/\/inii.ucr.ac.cr\/en\/wp-json\/wp\/v2\/pages"}],"about":[{"href":"https:\/\/inii.ucr.ac.cr\/en\/wp-json\/wp\/v2\/types\/page"}],"author":[{"embeddable":true,"href":"https:\/\/inii.ucr.ac.cr\/en\/wp-json\/wp\/v2\/users\/4"}],"replies":[{"embeddable":true,"href":"https:\/\/inii.ucr.ac.cr\/en\/wp-json\/wp\/v2\/comments?post=152"}],"version-history":[{"count":4,"href":"https:\/\/inii.ucr.ac.cr\/en\/wp-json\/wp\/v2\/pages\/152\/revisions"}],"predecessor-version":[{"id":260,"href":"https:\/\/inii.ucr.ac.cr\/en\/wp-json\/wp\/v2\/pages\/152\/revisions\/260"}],"wp:attachment":[{"href":"https:\/\/inii.ucr.ac.cr\/en\/wp-json\/wp\/v2\/media?parent=152"}],"curies":[{"name":"wp","href":"https:\/\/api.w.org\/{rel}","templated":true}]}}