{"id":157,"date":"2019-03-28T22:00:40","date_gmt":"2019-03-28T21:00:40","guid":{"rendered":"http:\/\/inii.ucr.ac.cr\/?page_id=157"},"modified":"2026-01-16T08:35:22","modified_gmt":"2026-01-16T14:35:22","slug":"reforesta-2","status":"publish","type":"page","link":"https:\/\/inii.ucr.ac.cr\/en\/reforesta-2\/","title":{"rendered":"REFORESTA"},"content":{"rendered":"<div data-elementor-type=\"wp-post\" data-elementor-id=\"157\" class=\"elementor elementor-157\">\n\t\t\t\t\t\t<section class=\"elementor-section elementor-top-section elementor-element elementor-element-daf1865 elementor-section-boxed elementor-section-height-default elementor-section-height-default\" data-id=\"daf1865\" data-element_type=\"section\" data-e-type=\"section\">\n\t\t\t\t\t\t<div class=\"elementor-container elementor-column-gap-default\">\n\t\t\t\t\t<div class=\"elementor-column elementor-col-100 elementor-top-column elementor-element elementor-element-03c0953\" data-id=\"03c0953\" data-element_type=\"column\" data-e-type=\"column\">\n\t\t\t<div class=\"elementor-widget-wrap elementor-element-populated\">\n\t\t\t\t\t\t<div class=\"elementor-element elementor-element-81d16cb elementor-widget elementor-widget-image\" data-id=\"81d16cb\" data-element_type=\"widget\" data-e-type=\"widget\" data-widget_type=\"image.default\">\n\t\t\t\t<div class=\"elementor-widget-container\">\n\t\t\t\t\t\t\t\t\t\t\t\t\t\t\t<img fetchpriority=\"high\" decoding=\"async\" width=\"720\" height=\"196\" src=\"https:\/\/inii.ucr.ac.cr\/wp-content\/uploads\/2019\/03\/refo1-1024x279.png\" class=\"attachment-large size-large wp-image-147\" alt=\"\" srcset=\"https:\/\/inii.ucr.ac.cr\/wp-content\/uploads\/2019\/03\/refo1.png 1024w, https:\/\/inii.ucr.ac.cr\/wp-content\/uploads\/2019\/03\/refo1-300x82.png 300w, https:\/\/inii.ucr.ac.cr\/wp-content\/uploads\/2019\/03\/refo1-768x209.png 768w\" sizes=\"(max-width: 720px) 100vw, 720px\" \/>\t\t\t\t\t\t\t\t\t\t\t\t\t\t\t<\/div>\n\t\t\t\t<\/div>\n\t\t\t\t\t<\/div>\n\t\t<\/div>\n\t\t\t\t\t<\/div>\n\t\t<\/section>\n\t\t\t\t<section class=\"elementor-section elementor-top-section elementor-element elementor-element-80dac2d elementor-section-boxed elementor-section-height-default elementor-section-height-default\" data-id=\"80dac2d\" data-element_type=\"section\" data-e-type=\"section\">\n\t\t\t\t\t\t<div class=\"elementor-container elementor-column-gap-default\">\n\t\t\t\t\t<div class=\"elementor-column elementor-col-100 elementor-top-column elementor-element elementor-element-2a12946\" data-id=\"2a12946\" data-element_type=\"column\" data-e-type=\"column\">\n\t\t\t<div class=\"elementor-widget-wrap elementor-element-populated\">\n\t\t\t\t\t\t<div class=\"elementor-element elementor-element-e589dde elementor-widget elementor-widget-text-editor\" data-id=\"e589dde\" data-element_type=\"widget\" data-e-type=\"widget\" data-widget_type=\"text-editor.default\">\n\t\t\t\t<div class=\"elementor-widget-container\">\n\t\t\t\t\t\t\t\t\t<h3><span style=\"color: #204c6f;\"><strong>Unidad de Recursos Forestales<\/strong><\/span><\/h3><p class=\"mouse-focus focus\">El enfoque de investigaci\u00f3n de ReForesta est\u00e1 basado en la premisa de promover la utilizaci\u00f3n de los recursos forestales de forma sostenible y con una alta conciencia social, ambiental y de desarrollo para el pa\u00eds y la regi\u00f3n centroamericana.<\/p><p class=\"mouse-focus focus\">Lo conforma un grupo multidisciplinario de investigaci\u00f3n y de alto roce internacional para la utilizaci\u00f3n inteligente de los recursos forestales.<br \/>ReForesta toma el legado del antiguo Laboratorio de Productos Forestales y lo inserta en el contexto de investigaci\u00f3n moderna que se desarrolla a nivel mundial para enfrentar los retos de la actualidad.<\/p><p>P\u00e1gina principal:\u00a0<span style=\"color: #99ccff;\"><a style=\"color: #99ccff;\" href=\"https:\/\/reforesta.ucr.ac.cr\">https:\/\/reforesta.ucr.ac.cr<\/a><\/span><\/p>\t\t\t\t\t\t\t\t<\/div>\n\t\t\t\t<\/div>\n\t\t\t\t\t<\/div>\n\t\t<\/div>\n\t\t\t\t\t<\/div>\n\t\t<\/section>\n\t\t\t\t<\/div>","protected":false},"excerpt":{"rendered":"<p>Unidad de Recursos Forestales El enfoque de investigaci\u00f3n de ReForesta est\u00e1 basado en la premisa de promover la utilizaci\u00f3n de los recursos forestales de forma sostenible y con una alta conciencia social, ambiental y de desarrollo para el pa\u00eds y la regi\u00f3n centroamericana. Lo conforma un grupo multidisciplinario de investigaci\u00f3n y de alto roce internacional [&hellip;]<\/p>\n","protected":false},"author":4,"featured_media":0,"parent":0,"menu_order":0,"comment_status":"closed","ping_status":"closed","template":"","meta":{"footnotes":""},"class_list":["post-157","page","type-page","status-publish","hentry","post"],"_links":{"self":[{"href":"https:\/\/inii.ucr.ac.cr\/en\/wp-json\/wp\/v2\/pages\/157","targetHints":{"allow":["GET"]}}],"collection":[{"href":"https:\/\/inii.ucr.ac.cr\/en\/wp-json\/wp\/v2\/pages"}],"about":[{"href":"https:\/\/inii.ucr.ac.cr\/en\/wp-json\/wp\/v2\/types\/page"}],"author":[{"embeddable":true,"href":"https:\/\/inii.ucr.ac.cr\/en\/wp-json\/wp\/v2\/users\/4"}],"replies":[{"embeddable":true,"href":"https:\/\/inii.ucr.ac.cr\/en\/wp-json\/wp\/v2\/comments?post=157"}],"version-history":[{"count":6,"href":"https:\/\/inii.ucr.ac.cr\/en\/wp-json\/wp\/v2\/pages\/157\/revisions"}],"predecessor-version":[{"id":552,"href":"https:\/\/inii.ucr.ac.cr\/en\/wp-json\/wp\/v2\/pages\/157\/revisions\/552"}],"wp:attachment":[{"href":"https:\/\/inii.ucr.ac.cr\/en\/wp-json\/wp\/v2\/media?parent=157"}],"curies":[{"name":"wp","href":"https:\/\/api.w.org\/{rel}","templated":true}]}}