{"id":465,"date":"2021-06-25T15:08:01","date_gmt":"2021-06-25T21:08:01","guid":{"rendered":"http:\/\/inii.ucr.ac.cr\/?page_id=465"},"modified":"2026-01-15T16:10:18","modified_gmt":"2026-01-15T22:10:18","slug":"metriko","status":"publish","type":"page","link":"https:\/\/inii.ucr.ac.cr\/en\/metriko\/","title":{"rendered":"Metriko"},"content":{"rendered":"<div data-elementor-type=\"wp-page\" data-elementor-id=\"465\" class=\"elementor elementor-465\">\n\t\t\t\t\t\t<section class=\"elementor-section elementor-top-section elementor-element elementor-element-42ea7e4 elementor-section-boxed elementor-section-height-default elementor-section-height-default\" data-id=\"42ea7e4\" data-element_type=\"section\" data-e-type=\"section\">\n\t\t\t\t\t\t<div class=\"elementor-container elementor-column-gap-default\">\n\t\t\t\t\t<div class=\"elementor-column elementor-col-100 elementor-top-column elementor-element elementor-element-8368cbd\" data-id=\"8368cbd\" data-element_type=\"column\" data-e-type=\"column\">\n\t\t\t<div class=\"elementor-widget-wrap elementor-element-populated\">\n\t\t\t\t\t\t<div class=\"elementor-element elementor-element-70e6ce0 elementor-widget elementor-widget-image\" data-id=\"70e6ce0\" data-element_type=\"widget\" data-e-type=\"widget\" data-widget_type=\"image.default\">\n\t\t\t\t<div class=\"elementor-widget-container\">\n\t\t\t\t\t\t\t\t\t\t\t\t\t\t\t<img fetchpriority=\"high\" decoding=\"async\" width=\"720\" height=\"301\" src=\"https:\/\/inii.ucr.ac.cr\/wp-content\/uploads\/2021\/06\/metriko.png\" class=\"attachment-large size-large wp-image-466\" alt=\"\" srcset=\"https:\/\/inii.ucr.ac.cr\/wp-content\/uploads\/2021\/06\/metriko.png 1024w, https:\/\/inii.ucr.ac.cr\/wp-content\/uploads\/2021\/06\/metriko-300x125.png 300w, https:\/\/inii.ucr.ac.cr\/wp-content\/uploads\/2021\/06\/metriko-768x321.png 768w\" sizes=\"(max-width: 720px) 100vw, 720px\" \/>\t\t\t\t\t\t\t\t\t\t\t\t\t\t\t<\/div>\n\t\t\t\t<\/div>\n\t\t\t\t\t<\/div>\n\t\t<\/div>\n\t\t\t\t\t<\/div>\n\t\t<\/section>\n\t\t\t\t<section class=\"elementor-section elementor-top-section elementor-element elementor-element-c010220 elementor-section-boxed elementor-section-height-default elementor-section-height-default\" data-id=\"c010220\" data-element_type=\"section\" data-e-type=\"section\">\n\t\t\t\t\t\t<div class=\"elementor-container elementor-column-gap-default\">\n\t\t\t\t\t<div class=\"elementor-column elementor-col-100 elementor-top-column elementor-element elementor-element-157b8ca\" data-id=\"157b8ca\" data-element_type=\"column\" data-e-type=\"column\">\n\t\t\t<div class=\"elementor-widget-wrap elementor-element-populated\">\n\t\t\t\t\t\t<div class=\"elementor-element elementor-element-67b3de1 elementor-widget elementor-widget-text-editor\" data-id=\"67b3de1\" data-element_type=\"widget\" data-e-type=\"widget\" data-widget_type=\"text-editor.default\">\n\t\t\t\t<div class=\"elementor-widget-container\">\n\t\t\t\t\t\t\t\t\t<p class=\"text-justify\">En la Unidad de Investigaci\u00f3n y soluciones en medici\u00f3n del Instituto de Investigaciones en Ingenier\u00eda de la Universidad de Costa Rica, nuestra misi\u00f3n es desarrollar investigaci\u00f3n aplicada a trav\u00e9s de innovaci\u00f3n en el desarrollo de magnitudes no satisfechas en la regi\u00f3n, elaboraci\u00f3n de materiales de referencia y la transferencia de conocimiento a trav\u00e9s del m\u00e9todo de la asesor\u00eda integral<\/p><p class=\"text-justify\">Es este conocimiento el que transformamos en soluciones, priorizando los problemas m\u00e1s relevantes y actuales que enfrenta nuestra naci\u00f3n. Nuestra visi\u00f3n es ser un referente de innovaci\u00f3n cient\u00edfica y social en el campo de la ciencia de las mediciones, impulsando as\u00ed el intercambio y generaci\u00f3n de conocimiento. Crear investigaci\u00f3n con trascendencia, que fortalezca el acceso efectivo de grupos vulnerables a la ciencia y tecnolog\u00eda en el \u00e1rea de ingenier\u00eda.<\/p><p>P\u00e1gina principal:\u00a0<a href=\"https:\/\/metriko.ucr.ac.cr\"> https:\/\/metriko.ucr.ac.cr<\/a><\/p>\t\t\t\t\t\t\t\t<\/div>\n\t\t\t\t<\/div>\n\t\t\t\t\t<\/div>\n\t\t<\/div>\n\t\t\t\t\t<\/div>\n\t\t<\/section>\n\t\t\t\t<\/div>","protected":false},"excerpt":{"rendered":"<p>En la Unidad de Investigaci\u00f3n y soluciones en medici\u00f3n del Instituto de Investigaciones en Ingenier\u00eda de la Universidad de Costa Rica, nuestra misi\u00f3n es desarrollar investigaci\u00f3n aplicada a trav\u00e9s de innovaci\u00f3n en el desarrollo de magnitudes no satisfechas en la regi\u00f3n, elaboraci\u00f3n de materiales de referencia y la transferencia de conocimiento a trav\u00e9s del m\u00e9todo [&hellip;]<\/p>\n","protected":false},"author":4,"featured_media":0,"parent":0,"menu_order":0,"comment_status":"closed","ping_status":"closed","template":"","meta":{"footnotes":""},"class_list":["post-465","page","type-page","status-publish","hentry","post"],"_links":{"self":[{"href":"https:\/\/inii.ucr.ac.cr\/en\/wp-json\/wp\/v2\/pages\/465","targetHints":{"allow":["GET"]}}],"collection":[{"href":"https:\/\/inii.ucr.ac.cr\/en\/wp-json\/wp\/v2\/pages"}],"about":[{"href":"https:\/\/inii.ucr.ac.cr\/en\/wp-json\/wp\/v2\/types\/page"}],"author":[{"embeddable":true,"href":"https:\/\/inii.ucr.ac.cr\/en\/wp-json\/wp\/v2\/users\/4"}],"replies":[{"embeddable":true,"href":"https:\/\/inii.ucr.ac.cr\/en\/wp-json\/wp\/v2\/comments?post=465"}],"version-history":[{"count":6,"href":"https:\/\/inii.ucr.ac.cr\/en\/wp-json\/wp\/v2\/pages\/465\/revisions"}],"predecessor-version":[{"id":549,"href":"https:\/\/inii.ucr.ac.cr\/en\/wp-json\/wp\/v2\/pages\/465\/revisions\/549"}],"wp:attachment":[{"href":"https:\/\/inii.ucr.ac.cr\/en\/wp-json\/wp\/v2\/media?parent=465"}],"curies":[{"name":"wp","href":"https:\/\/api.w.org\/{rel}","templated":true}]}}